{"id":13,"date":"2026-04-01T10:44:06","date_gmt":"2026-04-01T10:44:06","guid":{"rendered":"https:\/\/molokobeach.rkinformatika.online\/?page_id=13"},"modified":"2026-04-20T11:04:53","modified_gmt":"2026-04-20T11:04:53","slug":"servicios","status":"publish","type":"page","link":"https:\/\/molokobeach.es\/ca\/servicios\/","title":{"rendered":"Servicios"},"content":{"rendered":"<div data-elementor-type=\"wp-page\" data-elementor-id=\"13\" class=\"elementor elementor-13\" data-elementor-post-type=\"page\">\n\t\t\t\t<div class=\"elementor-element elementor-element-2296e50 e-con-full e-flex e-con e-parent\" data-id=\"2296e50\" data-element_type=\"container\" data-e-type=\"container\">\n\t\t\t\t<div class=\"elementor-element elementor-element-2841f2c elementor-widget elementor-widget-video\" data-id=\"2841f2c\" data-element_type=\"widget\" data-e-type=\"widget\" data-settings=\"{&quot;video_type&quot;:&quot;hosted&quot;,&quot;autoplay&quot;:&quot;yes&quot;,&quot;play_on_mobile&quot;:&quot;yes&quot;,&quot;loop&quot;:&quot;yes&quot;}\" data-widget_type=\"video.default\">\n\t\t\t\t\t\t\t<div class=\"e-hosted-video elementor-wrapper elementor-open-inline\">\n\t\t\t\t\t<video class=\"elementor-video\" src=\"https:\/\/molokobeach.es\/wp-content\/uploads\/2026\/04\/Diseno-sin-titulo-3.mp4\" autoplay=\"\" loop=\"\" playsinline=\"\" controlslist=\"nodownload\"><\/video>\n\t\t\t\t<\/div>\n\t\t\t\t\t\t<\/div>\n\t\t\t\t<\/div>\n\t\t<div class=\"elementor-element elementor-element-e4d409d e-con-full e-flex e-con e-parent\" data-id=\"e4d409d\" data-element_type=\"container\" data-e-type=\"container\">\n\t\t<div class=\"elementor-element elementor-element-6a7cb5c e-con-full animated-slow e-flex elementor-invisible e-con e-child\" data-id=\"6a7cb5c\" data-element_type=\"container\" data-e-type=\"container\" data-settings=\"{&quot;animation&quot;:&quot;fadeInLeft&quot;}\">\n\t\t\t\t<div class=\"elementor-element elementor-element-697878b elementor-widget elementor-widget-heading\" data-id=\"697878b\" data-element_type=\"widget\" data-e-type=\"widget\" data-widget_type=\"heading.default\">\n\t\t\t\t\t<h2 class=\"elementor-heading-title elementor-size-default\">Cocteler\u00eda<\/h2>\t\t\t\t<\/div>\n\t\t\t\t<div class=\"elementor-element elementor-element-3bcbcc0 elementor-widget elementor-widget-text-editor\" data-id=\"3bcbcc0\" data-element_type=\"widget\" data-e-type=\"widget\" data-widget_type=\"text-editor.default\">\n\t\t\t\t\t\t\t\t\t<p>Amplia selecci\u00f3n de c\u00f3cteles cl\u00e1sicos y de autor, elaborados al momento con ingredientes de calidad, ideales para acompa\u00f1ar cualquier momento del d\u00eda.<\/p>\t\t\t\t\t\t\t\t<\/div>\n\t\t\t\t<\/div>\n\t\t<div class=\"elementor-element elementor-element-8b0210a e-con-full animated-slow e-flex elementor-invisible e-con e-child\" data-id=\"8b0210a\" data-element_type=\"container\" data-e-type=\"container\" data-settings=\"{&quot;animation&quot;:&quot;fadeInRight&quot;}\">\n\t\t\t\t<div class=\"elementor-element elementor-element-52c391b elementor-widget elementor-widget-heading\" data-id=\"52c391b\" data-element_type=\"widget\" data-e-type=\"widget\" data-widget_type=\"heading.default\">\n\t\t\t\t\t<h2 class=\"elementor-heading-title elementor-size-default\">Restauraci\u00f3n<\/h2>\t\t\t\t<\/div>\n\t\t\t\t<div class=\"elementor-element elementor-element-629263f elementor-widget elementor-widget-text-editor\" data-id=\"629263f\" data-element_type=\"widget\" data-e-type=\"widget\" data-widget_type=\"text-editor.default\">\n\t\t\t\t\t\t\t\t\t<p>Carta basada en productos frescos y de temporada, con opciones ligeras, platos mediterr\u00e1neos y propuestas pensadas para compartir.<\/p>\t\t\t\t\t\t\t\t<\/div>\n\t\t\t\t<\/div>\n\t\t<div class=\"elementor-element elementor-element-1dfa35f e-con-full animated-slow e-flex elementor-invisible e-con e-child\" data-id=\"1dfa35f\" data-element_type=\"container\" data-e-type=\"container\" data-settings=\"{&quot;animation&quot;:&quot;fadeInLeft&quot;}\">\n\t\t\t\t<div class=\"elementor-element elementor-element-1a7c1d2 elementor-widget elementor-widget-heading\" data-id=\"1a7c1d2\" data-element_type=\"widget\" data-e-type=\"widget\" data-widget_type=\"heading.default\">\n\t\t\t\t\t<h2 class=\"elementor-heading-title elementor-size-default\">Smoothies y frapp\u00e9s\n<\/h2>\t\t\t\t<\/div>\n\t\t\t\t<div class=\"elementor-element elementor-element-9004d65 elementor-widget elementor-widget-text-editor\" data-id=\"9004d65\" data-element_type=\"widget\" data-e-type=\"widget\" data-widget_type=\"text-editor.default\">\n\t\t\t\t\t\t\t\t\t<p>Selecci\u00f3n de smoothies elaborados con fruta natural, batidos refrescantes y opciones como t\u00e9 matcha, pensados para disfrutar de una alternativa saludable y energ\u00e9tica en cualquier momento del d\u00eda.<\/p>\t\t\t\t\t\t\t\t<\/div>\n\t\t\t\t<\/div>\n\t\t<div class=\"elementor-element elementor-element-b06ee44 e-con-full animated-slow e-flex elementor-invisible e-con e-child\" data-id=\"b06ee44\" data-element_type=\"container\" data-e-type=\"container\" data-settings=\"{&quot;animation&quot;:&quot;fadeInRight&quot;}\">\n\t\t\t\t<div class=\"elementor-element elementor-element-f4502e4 elementor-widget elementor-widget-heading\" data-id=\"f4502e4\" data-element_type=\"widget\" data-e-type=\"widget\" data-widget_type=\"heading.default\">\n\t\t\t\t\t<h2 class=\"elementor-heading-title elementor-size-default\">Bebidas y caf\u00e9\n<\/h2>\t\t\t\t<\/div>\n\t\t\t\t<div class=\"elementor-element elementor-element-70d153c elementor-widget elementor-widget-text-editor\" data-id=\"70d153c\" data-element_type=\"widget\" data-e-type=\"widget\" data-widget_type=\"text-editor.default\">\n\t\t\t\t\t\t\t\t\t<p>Servicio completo de bebidas, refrescos, cervezas y caf\u00e9 para disfrutar tanto durante el d\u00eda como al atardecer.<\/p>\t\t\t\t\t\t\t\t<\/div>\n\t\t\t\t<\/div>\n\t\t\t\t<\/div>\n\t\t<div class=\"elementor-element elementor-element-524dc53 e-con-full animated-slow e-flex elementor-invisible e-con e-parent\" data-id=\"524dc53\" data-element_type=\"container\" data-e-type=\"container\" data-settings=\"{&quot;animation&quot;:&quot;fadeInUp&quot;}\">\n\t\t<div class=\"elementor-element elementor-element-f24674a e-con-full e-flex e-con e-child\" data-id=\"f24674a\" data-element_type=\"container\" data-e-type=\"container\">\n\t\t\t\t<div class=\"elementor-element elementor-element-3624cd1 elementor-invisible elementor-widget elementor-widget-heading\" data-id=\"3624cd1\" data-element_type=\"widget\" data-e-type=\"widget\" data-settings=\"{&quot;_animation&quot;:&quot;slideInUp&quot;}\" data-widget_type=\"heading.default\">\n\t\t\t\t\t<h2 class=\"elementor-heading-title elementor-size-default\">Cuidamos la m\u00fasica, el ambiente y los detalles para crear un espacio agradable, con identidad propia y respetuoso con el entorno.<\/h2>\t\t\t\t<\/div>\n\t\t\t\t<div class=\"elementor-element elementor-element-06737e4 elementor-align-center elementor-mobile-align-center elementor-widget elementor-widget-button\" data-id=\"06737e4\" data-element_type=\"widget\" data-e-type=\"widget\" data-widget_type=\"button.default\">\n\t\t\t\t\t\t\t\t\t\t<a class=\"elementor-button elementor-button-link elementor-size-sm elementor-animation-grow\" href=\"https:\/\/molokobeach.es\/ca\/contacto\/\">\n\t\t\t\t\t\t<span class=\"elementor-button-content-wrapper\">\n\t\t\t\t\t\t\t\t\t<span class=\"elementor-button-text\">Contacto<\/span>\n\t\t\t\t\t<\/span>\n\t\t\t\t\t<\/a>\n\t\t\t\t\t\t\t\t<\/div>\n\t\t\t\t<\/div>\n\t\t\t\t<\/div>\n\t\t\t\t<\/div>","protected":false},"excerpt":{"rendered":"<p>https:\/\/molokobeach.es\/wp-content\/uploads\/2026\/04\/Diseno-sin-titulo-3.mp4 Cocteler\u00eda Amplia selecci\u00f3n de c\u00f3cteles cl\u00e1sicos y de autor, elaborados al momento con ingredientes de calidad, ideales para acompa\u00f1ar cualquier momento del d\u00eda. Restauraci\u00f3n Carta basada en productos frescos y de temporada, con opciones ligeras, platos mediterr\u00e1neos y propuestas pensadas para compartir. Smoothies y frapp\u00e9s Selecci\u00f3n de smoothies elaborados con fruta natural, batidos refrescantes [&hellip;]<\/p>\n","protected":false},"author":1,"featured_media":0,"parent":0,"menu_order":0,"comment_status":"closed","ping_status":"closed","template":"elementor_canvas","meta":{"footnotes":""},"class_list":["post-13","page","type-page","status-publish","hentry"],"yoast_head":"<!-- This site is optimized with the Yoast SEO plugin v27.4 - https:\/\/yoast.com\/product\/yoast-seo-wordpress\/ -->\n<title>Servicios - Moloko Beach<\/title>\n<meta name=\"robots\" content=\"index, follow, max-snippet:-1, max-image-preview:large, max-video-preview:-1\" \/>\n<link rel=\"canonical\" href=\"https:\/\/molokobeach.es\/ca\/servicios\/\" \/>\n<meta property=\"og:locale\" content=\"ca_ES\" \/>\n<meta property=\"og:type\" content=\"article\" \/>\n<meta property=\"og:title\" content=\"Servicios - Moloko Beach\" \/>\n<meta property=\"og:description\" content=\"https:\/\/molokobeach.es\/wp-content\/uploads\/2026\/04\/Diseno-sin-titulo-3.mp4 Cocteler\u00eda Amplia selecci\u00f3n de c\u00f3cteles cl\u00e1sicos y de autor, elaborados al momento con ingredientes de calidad, ideales para acompa\u00f1ar cualquier momento del d\u00eda. Restauraci\u00f3n Carta basada en productos frescos y de temporada, con opciones ligeras, platos mediterr\u00e1neos y propuestas pensadas para compartir. Smoothies y frapp\u00e9s Selecci\u00f3n de smoothies elaborados con fruta natural, batidos refrescantes [&hellip;]\" \/>\n<meta property=\"og:url\" content=\"https:\/\/molokobeach.es\/ca\/servicios\/\" \/>\n<meta property=\"og:site_name\" content=\"Moloko Beach\" \/>\n<meta property=\"article:modified_time\" content=\"2026-04-20T11:04:53+00:00\" \/>\n<meta name=\"twitter:card\" content=\"summary_large_image\" \/>\n<meta name=\"twitter:label1\" content=\"Temps estimat de lectura\" \/>\n\t<meta name=\"twitter:data1\" content=\"1 minut\" \/>\n<script type=\"application\/ld+json\" class=\"yoast-schema-graph\">{\"@context\":\"https:\\\/\\\/schema.org\",\"@graph\":[{\"@type\":\"WebPage\",\"@id\":\"https:\\\/\\\/molokobeach.es\\\/servicios\\\/\",\"url\":\"https:\\\/\\\/molokobeach.es\\\/servicios\\\/\",\"name\":\"Servicios - Moloko Beach\",\"isPartOf\":{\"@id\":\"https:\\\/\\\/molokobeach.es\\\/#website\"},\"datePublished\":\"2026-04-01T10:44:06+00:00\",\"dateModified\":\"2026-04-20T11:04:53+00:00\",\"breadcrumb\":{\"@id\":\"https:\\\/\\\/molokobeach.es\\\/servicios\\\/#breadcrumb\"},\"inLanguage\":\"ca\",\"potentialAction\":[{\"@type\":\"ReadAction\",\"target\":[\"https:\\\/\\\/molokobeach.es\\\/servicios\\\/\"]}]},{\"@type\":\"BreadcrumbList\",\"@id\":\"https:\\\/\\\/molokobeach.es\\\/servicios\\\/#breadcrumb\",\"itemListElement\":[{\"@type\":\"ListItem\",\"position\":1,\"name\":\"Portada\",\"item\":\"https:\\\/\\\/molokobeach.es\\\/\"},{\"@type\":\"ListItem\",\"position\":2,\"name\":\"Servicios\"}]},{\"@type\":\"WebSite\",\"@id\":\"https:\\\/\\\/molokobeach.es\\\/#website\",\"url\":\"https:\\\/\\\/molokobeach.es\\\/\",\"name\":\"Moloko Beach\",\"description\":\"Restaurante cocteleria\",\"publisher\":{\"@id\":\"https:\\\/\\\/molokobeach.es\\\/#organization\"},\"potentialAction\":[{\"@type\":\"SearchAction\",\"target\":{\"@type\":\"EntryPoint\",\"urlTemplate\":\"https:\\\/\\\/molokobeach.es\\\/?s={search_term_string}\"},\"query-input\":{\"@type\":\"PropertyValueSpecification\",\"valueRequired\":true,\"valueName\":\"search_term_string\"}}],\"inLanguage\":\"ca\"},{\"@type\":\"Organization\",\"@id\":\"https:\\\/\\\/molokobeach.es\\\/#organization\",\"name\":\"Moloko Beach\",\"url\":\"https:\\\/\\\/molokobeach.es\\\/\",\"logo\":{\"@type\":\"ImageObject\",\"inLanguage\":\"ca\",\"@id\":\"https:\\\/\\\/molokobeach.es\\\/#\\\/schema\\\/logo\\\/image\\\/\",\"url\":\"https:\\\/\\\/molokobeach.es\\\/wp-content\\\/uploads\\\/2026\\\/04\\\/cropped-cropped-Diseno-sin-titulo-7.png\",\"contentUrl\":\"https:\\\/\\\/molokobeach.es\\\/wp-content\\\/uploads\\\/2026\\\/04\\\/cropped-cropped-Diseno-sin-titulo-7.png\",\"width\":324,\"height\":345,\"caption\":\"Moloko Beach\"},\"image\":{\"@id\":\"https:\\\/\\\/molokobeach.es\\\/#\\\/schema\\\/logo\\\/image\\\/\"}}]}<\/script>\n<!-- \/ Yoast SEO plugin. -->","yoast_head_json":{"title":"Servicios - Moloko Beach","robots":{"index":"index","follow":"follow","max-snippet":"max-snippet:-1","max-image-preview":"max-image-preview:large","max-video-preview":"max-video-preview:-1"},"canonical":"https:\/\/molokobeach.es\/ca\/servicios\/","og_locale":"ca_ES","og_type":"article","og_title":"Servicios - Moloko Beach","og_description":"https:\/\/molokobeach.es\/wp-content\/uploads\/2026\/04\/Diseno-sin-titulo-3.mp4 Cocteler\u00eda Amplia selecci\u00f3n de c\u00f3cteles cl\u00e1sicos y de autor, elaborados al momento con ingredientes de calidad, ideales para acompa\u00f1ar cualquier momento del d\u00eda. Restauraci\u00f3n Carta basada en productos frescos y de temporada, con opciones ligeras, platos mediterr\u00e1neos y propuestas pensadas para compartir. Smoothies y frapp\u00e9s Selecci\u00f3n de smoothies elaborados con fruta natural, batidos refrescantes [&hellip;]","og_url":"https:\/\/molokobeach.es\/ca\/servicios\/","og_site_name":"Moloko Beach","article_modified_time":"2026-04-20T11:04:53+00:00","twitter_card":"summary_large_image","twitter_misc":{"Temps estimat de lectura":"1 minut"},"schema":{"@context":"https:\/\/schema.org","@graph":[{"@type":"WebPage","@id":"https:\/\/molokobeach.es\/servicios\/","url":"https:\/\/molokobeach.es\/servicios\/","name":"Servicios - Moloko Beach","isPartOf":{"@id":"https:\/\/molokobeach.es\/#website"},"datePublished":"2026-04-01T10:44:06+00:00","dateModified":"2026-04-20T11:04:53+00:00","breadcrumb":{"@id":"https:\/\/molokobeach.es\/servicios\/#breadcrumb"},"inLanguage":"ca","potentialAction":[{"@type":"ReadAction","target":["https:\/\/molokobeach.es\/servicios\/"]}]},{"@type":"BreadcrumbList","@id":"https:\/\/molokobeach.es\/servicios\/#breadcrumb","itemListElement":[{"@type":"ListItem","position":1,"name":"Portada","item":"https:\/\/molokobeach.es\/"},{"@type":"ListItem","position":2,"name":"Servicios"}]},{"@type":"WebSite","@id":"https:\/\/molokobeach.es\/#website","url":"https:\/\/molokobeach.es\/","name":"Moloko Beach","description":"Restaurante cocteleria","publisher":{"@id":"https:\/\/molokobeach.es\/#organization"},"potentialAction":[{"@type":"SearchAction","target":{"@type":"EntryPoint","urlTemplate":"https:\/\/molokobeach.es\/?s={search_term_string}"},"query-input":{"@type":"PropertyValueSpecification","valueRequired":true,"valueName":"search_term_string"}}],"inLanguage":"ca"},{"@type":"Organization","@id":"https:\/\/molokobeach.es\/#organization","name":"Moloko Beach","url":"https:\/\/molokobeach.es\/","logo":{"@type":"ImageObject","inLanguage":"ca","@id":"https:\/\/molokobeach.es\/#\/schema\/logo\/image\/","url":"https:\/\/molokobeach.es\/wp-content\/uploads\/2026\/04\/cropped-cropped-Diseno-sin-titulo-7.png","contentUrl":"https:\/\/molokobeach.es\/wp-content\/uploads\/2026\/04\/cropped-cropped-Diseno-sin-titulo-7.png","width":324,"height":345,"caption":"Moloko Beach"},"image":{"@id":"https:\/\/molokobeach.es\/#\/schema\/logo\/image\/"}}]}},"_links":{"self":[{"href":"https:\/\/molokobeach.es\/ca\/wp-json\/wp\/v2\/pages\/13","targetHints":{"allow":["GET"]}}],"collection":[{"href":"https:\/\/molokobeach.es\/ca\/wp-json\/wp\/v2\/pages"}],"about":[{"href":"https:\/\/molokobeach.es\/ca\/wp-json\/wp\/v2\/types\/page"}],"author":[{"embeddable":true,"href":"https:\/\/molokobeach.es\/ca\/wp-json\/wp\/v2\/users\/1"}],"replies":[{"embeddable":true,"href":"https:\/\/molokobeach.es\/ca\/wp-json\/wp\/v2\/comments?post=13"}],"version-history":[{"count":64,"href":"https:\/\/molokobeach.es\/ca\/wp-json\/wp\/v2\/pages\/13\/revisions"}],"predecessor-version":[{"id":988,"href":"https:\/\/molokobeach.es\/ca\/wp-json\/wp\/v2\/pages\/13\/revisions\/988"}],"wp:attachment":[{"href":"https:\/\/molokobeach.es\/ca\/wp-json\/wp\/v2\/media?parent=13"}],"curies":[{"name":"wp","href":"https:\/\/api.w.org\/{rel}","templated":true}]}}